{"id":92,"date":"2019-12-03T20:29:13","date_gmt":"2019-12-03T18:29:13","guid":{"rendered":"https:\/\/stsimons.fi\/?page_id=92"},"modified":"2023-03-22T19:35:19","modified_gmt":"2023-03-22T17:35:19","slug":"trygg-hobby-for-barn","status":"publish","type":"page","link":"https:\/\/stsimons.fi\/?page_id=92","title":{"rendered":"Trygg hobby f\u00f6r barn"},"content":{"rendered":"<p>[vc_row][vc_column][vc_column_text]<strong>Scouting \u00e4r en rolig, m\u00e5ngsidig och nyttig hobby f\u00f6r barn och unga. Scouting \u00e4r sm\u00e5 och stora \u00e4ventyr som du f\u00e5r en m\u00f6jlighet att uppleva med dina v\u00e4nner.<\/strong> Scoutingen best\u00e5r av verksamhet b\u00e5de ute och inne. Inom scoutingen f\u00e5r du till exempel segla, tillreda mat, g\u00f6ra utflykter i naturen, delta p\u00e5 l\u00e4ger, vandra och ta del av alla evenemang som takorganisationen ordnar. Inom scoutingen har du m\u00f6jlighet att l\u00e4ra dig f\u00e4rdigheter som kan vara till nytta utanf\u00f6r scoutingen, t.ex. ledarskap, f\u00f6rsta hj\u00e4lpen och navigering.<\/p>\n<p>En central roll av verksamheten \u00e4r gemenskapen, d\u00e4r ingen l\u00e4mnas utanf\u00f6r. Tankes\u00e4ttet \u201dLearning by doing\u201d genomsyrar verksamheten, alla f\u00e5r vara med och prova p\u00e5, i egen takt.<\/p>\n<p>Det finns en plats f\u00f6r alla inom scoutingen, du \u00e4r v\u00e4lkommen som du \u00e4r!<\/p>\n<p>Scoutingen st\u00f6der barnets fostran och uppmuntrar till att utvecklas b\u00e5de som individ och som en del av en grupp. Vi l\u00e4r oss vardags- och medborgarf\u00e4rdigheter, probleml\u00f6sning och ledarskap.<\/p>\n<p>Scoutk\u00e5ren har tv\u00e5 trygghetspersoner som man kan kontakta om det \u00e4r n\u00e5got man vill prata om.<\/p>\n<p><strong>L\u00e5neutrustning<\/strong><\/p>\n<p>Scoutk\u00e5ren har f\u00e5tt bidrag fr\u00e5n Brita Maria Rehlunds stiftelse f\u00f6r ett &#8220;utrustningsbibliotek&#8221;. Om man inte sj\u00e4lv har utrustning eller m\u00f6jlighet att skaffa utrustning, s\u00e5 som sovs\u00e4ck, liggunderlag, matk\u00e4rl osv, s\u00e5 kan man l\u00e5na detta fr\u00e5n scoutk\u00e5ren.[\/vc_column_text][\/vc_column][\/vc_row][vc_row][vc_column width=&#8221;2\/3&#8243;][vc_column_text]<\/p>\n<h3>Intresserad av att komma med i verksamheten?<\/h3>\n<p><a href=\"https:\/\/stsimons.fi\/?page_id=90\">Var i kontakt<\/a> med n\u00e5gon fr\u00e5n k\u00e5rstyrelsen, eller direkt med \u00e5ldersgruppsansvarige ifall du har kollat vilken \u00e5ldersgrupp som skulle vara l\u00e4mplig.[\/vc_column_text][\/vc_column][vc_column width=&#8221;1\/3&#8243;][\/vc_column][\/vc_row]<\/p>\n","protected":false},"excerpt":{"rendered":"<p>[vc_row][vc_column][vc_column_text]Scouting \u00e4r en rolig, m\u00e5ngsidig och nyttig hobby f\u00f6r barn och unga. Scouting \u00e4r sm\u00e5 och stora \u00e4ventyr som du f\u00e5r en m\u00f6jlighet att uppleva med dina v\u00e4nner. Scoutingen best\u00e5r av verksamhet b\u00e5de ute och inne. Inom scoutingen f\u00e5r du till exempel segla, tillreda mat, g\u00f6ra utflykter i naturen, delta p\u00e5 l\u00e4ger, vandra och ta [&hellip;]<\/p>\n","protected":false},"author":1,"featured_media":121,"parent":83,"menu_order":0,"comment_status":"closed","ping_status":"closed","template":"","meta":{"_acf_changed":false,"footnotes":""},"class_list":["post-92","page","type-page","status-publish","has-post-thumbnail","hentry"],"acf":[],"_links":{"self":[{"href":"https:\/\/stsimons.fi\/index.php?rest_route=\/wp\/v2\/pages\/92","targetHints":{"allow":["GET"]}}],"collection":[{"href":"https:\/\/stsimons.fi\/index.php?rest_route=\/wp\/v2\/pages"}],"about":[{"href":"https:\/\/stsimons.fi\/index.php?rest_route=\/wp\/v2\/types\/page"}],"author":[{"embeddable":true,"href":"https:\/\/stsimons.fi\/index.php?rest_route=\/wp\/v2\/users\/1"}],"replies":[{"embeddable":true,"href":"https:\/\/stsimons.fi\/index.php?rest_route=%2Fwp%2Fv2%2Fcomments&post=92"}],"version-history":[{"count":0,"href":"https:\/\/stsimons.fi\/index.php?rest_route=\/wp\/v2\/pages\/92\/revisions"}],"up":[{"embeddable":true,"href":"https:\/\/stsimons.fi\/index.php?rest_route=\/wp\/v2\/pages\/83"}],"wp:featuredmedia":[{"embeddable":true,"href":"https:\/\/stsimons.fi\/index.php?rest_route=\/wp\/v2\/media\/121"}],"wp:attachment":[{"href":"https:\/\/stsimons.fi\/index.php?rest_route=%2Fwp%2Fv2%2Fmedia&parent=92"}],"curies":[{"name":"wp","href":"https:\/\/api.w.org\/{rel}","templated":true}]}}