{"id":90,"date":"2019-12-03T20:28:22","date_gmt":"2019-12-03T18:28:22","guid":{"rendered":"https:\/\/stsimons.fi\/?page_id=90"},"modified":"2023-03-22T22:25:40","modified_gmt":"2023-03-22T20:25:40","slug":"kontakt","status":"publish","type":"page","link":"https:\/\/stsimons.fi\/?page_id=90","title":{"rendered":"Kontakt"},"content":{"rendered":"\n<p>L\u00e4ttast n\u00e5r du k\u00e5ren per e-post via <a href=\"mailto:sekreterare@stsimons.fi\">sekreterare@stsimons.fi<\/a>. Eller kom till k\u00e5rlokalen p\u00e5 en onsdag och ryck n\u00e5gon av ledarna i \u00e4rmen. Fr\u00e5n v\u00e5rt programblad kan man hitta telefonnummer till de som ansvarar f\u00f6r respektive \u00e5ldersgrupps verksamhet.<\/p>\n\n\n\n<p><strong>K\u00e5rens informationskanaler<\/strong><\/p>\n\n\n\n<p>F\u00f6r scoutf\u00f6r\u00e4ldrar finns det informationskanaler via en Whatsapp grupp (kontakta en ledare f\u00f6r att f\u00e5 l\u00e4nk till gruppen) och <a href=\"https:\/\/us9.campaign-archive.com\/home\/?u=2e2b518eeba6c53d60e568c78&amp;id=2e31da14ef\" target=\"_blank\" rel=\"noreferrer noopener\">nyhetsbrev<\/a> som skickas per e-post, <a rel=\"noreferrer noopener\" href=\"http:\/\/eepurl.com\/bawqsv\" target=\"_blank\">h\u00e4r kan du prenumerera p\u00e5 nyhetsbrevet<\/a>. P\u00e5 <a rel=\"noreferrer noopener\" href=\"https:\/\/www.facebook.com\/stsimonssjofararna\" target=\"_blank\">Facebook<\/a> och <a rel=\"noreferrer noopener\" href=\"https:\/\/www.instagram.com\/st_simons_sjofararna\/\" target=\"_blank\">Instagram<\/a> kan man f\u00f6lja med vad vi brukar g\u00f6ra i scoutk\u00e5ren.<\/p>\n\n\n\n<p><strong>K\u00e5rens styrelse<\/strong><\/p>\n\n\n\n<p>Kontakta styrelsen med e-post med fornamn.efternamn@stsimons.fi.<\/p>\n\n\n\n<ul class=\"wp-block-list\"><li>K\u00e5rchef: Eric Jansson<\/li><li>Vice-k\u00e5rchef: Jan-Erik Kortteinen<\/li><li>Uppdragschef: Jockum Lundsten<\/li><li>Sekreterare: Sandra Hild\u00e9n<\/li><li>B\u00e5tsfogde: Alexander Rittinghaus<\/li><li>Materialf\u00f6rvaltare: Andreas Backlund<\/li><li>Kommunikation: Anna \u00c5kerman<\/li><li>K\u00e5rekonom: Didrik Lundsten<\/li><\/ul>\n","protected":false},"excerpt":{"rendered":"<p>L\u00e4ttast n\u00e5r du k\u00e5ren per e-post via sekreterare@stsimons.fi. Eller kom till k\u00e5rlokalen p\u00e5 en onsdag och ryck n\u00e5gon av ledarna i \u00e4rmen. Fr\u00e5n v\u00e5rt programblad kan man hitta telefonnummer till de som ansvarar f\u00f6r respektive \u00e5ldersgrupps verksamhet. K\u00e5rens informationskanaler F\u00f6r scoutf\u00f6r\u00e4ldrar finns det informationskanaler via en Whatsapp grupp (kontakta en ledare f\u00f6r att f\u00e5 l\u00e4nk [&hellip;]<\/p>\n","protected":false},"author":1,"featured_media":164,"parent":69,"menu_order":0,"comment_status":"closed","ping_status":"closed","template":"","meta":{"_acf_changed":false,"footnotes":""},"class_list":["post-90","page","type-page","status-publish","has-post-thumbnail","hentry"],"acf":[],"_links":{"self":[{"href":"https:\/\/stsimons.fi\/index.php?rest_route=\/wp\/v2\/pages\/90","targetHints":{"allow":["GET"]}}],"collection":[{"href":"https:\/\/stsimons.fi\/index.php?rest_route=\/wp\/v2\/pages"}],"about":[{"href":"https:\/\/stsimons.fi\/index.php?rest_route=\/wp\/v2\/types\/page"}],"author":[{"embeddable":true,"href":"https:\/\/stsimons.fi\/index.php?rest_route=\/wp\/v2\/users\/1"}],"replies":[{"embeddable":true,"href":"https:\/\/stsimons.fi\/index.php?rest_route=%2Fwp%2Fv2%2Fcomments&post=90"}],"version-history":[{"count":0,"href":"https:\/\/stsimons.fi\/index.php?rest_route=\/wp\/v2\/pages\/90\/revisions"}],"up":[{"embeddable":true,"href":"https:\/\/stsimons.fi\/index.php?rest_route=\/wp\/v2\/pages\/69"}],"wp:featuredmedia":[{"embeddable":true,"href":"https:\/\/stsimons.fi\/index.php?rest_route=\/wp\/v2\/media\/164"}],"wp:attachment":[{"href":"https:\/\/stsimons.fi\/index.php?rest_route=%2Fwp%2Fv2%2Fmedia&parent=90"}],"curies":[{"name":"wp","href":"https:\/\/api.w.org\/{rel}","templated":true}]}}