{"id":87,"date":"2019-12-03T17:53:22","date_gmt":"2019-12-03T15:53:22","guid":{"rendered":"https:\/\/stsimons.fi\/?page_id=87"},"modified":"2023-03-22T19:26:27","modified_gmt":"2023-03-22T17:26:27","slug":"karlokalen","status":"publish","type":"page","link":"https:\/\/stsimons.fi\/?page_id=87","title":{"rendered":"K\u00e5rlokalen"},"content":{"rendered":"\n<p>V\u00e5r k\u00e5rlokal finns i Pargas f\u00f6rsamlingshems k\u00e4llarv\u00e5ning, Kyrkoesplanaden 5. Ing\u00e5ngen \u00e4r fr\u00e5n g\u00e5rdssidan, vid lekparken. [insert bild fr\u00e5n utsidan]<\/p>\n\n\n\n<p>K\u00e5rlokalen best\u00e5r av ett m\u00f6tesrum och ett ledarrum, vi tar av oss skorna d\u00e5 vi g\u00e5r in i m\u00f6tesrummen. Dessutom har vi k\u00e4llarf\u00f6rr\u00e5d f\u00f6r f\u00f6rvaring av l\u00e4gerutrustningen.<\/p>\n\n\n\n<p>[insert bild inifr\u00e5n k\u00e5rlokalen]<\/p>\n\n\n\n<p><strong>Tillg\u00e4nglighet<\/strong><\/p>\n\n\n\n<p>K\u00e5rlokalen finns i k\u00e4llarv\u00e5ningen, p\u00e5 g\u00e5rden finns det tv\u00e5 trappor med ca 4-5 trappsteg, innanf\u00f6r d\u00f6rren ytterligare ett trappsteg. Rullstol kan med b\u00e4rhj\u00e4lp komma ner i k\u00e5rlokalen. <br>Det finns en liten, tr\u00e5ng toalett i tamburen utan bid\u00e9dusch.<\/p>\n","protected":false},"excerpt":{"rendered":"<p>V\u00e5r k\u00e5rlokal finns i Pargas f\u00f6rsamlingshems k\u00e4llarv\u00e5ning, Kyrkoesplanaden 5. Ing\u00e5ngen \u00e4r fr\u00e5n g\u00e5rdssidan, vid lekparken. [insert bild fr\u00e5n utsidan] K\u00e5rlokalen best\u00e5r av ett m\u00f6tesrum och ett ledarrum, vi tar av oss skorna d\u00e5 vi g\u00e5r in i m\u00f6tesrummen. Dessutom har vi k\u00e4llarf\u00f6rr\u00e5d f\u00f6r f\u00f6rvaring av l\u00e4gerutrustningen. [insert bild inifr\u00e5n k\u00e5rlokalen] Tillg\u00e4nglighet K\u00e5rlokalen finns i k\u00e4llarv\u00e5ningen, [&hellip;]<\/p>\n","protected":false},"author":1,"featured_media":0,"parent":69,"menu_order":0,"comment_status":"closed","ping_status":"closed","template":"","meta":{"_acf_changed":false,"footnotes":""},"class_list":["post-87","page","type-page","status-publish","hentry"],"acf":[],"_links":{"self":[{"href":"https:\/\/stsimons.fi\/index.php?rest_route=\/wp\/v2\/pages\/87","targetHints":{"allow":["GET"]}}],"collection":[{"href":"https:\/\/stsimons.fi\/index.php?rest_route=\/wp\/v2\/pages"}],"about":[{"href":"https:\/\/stsimons.fi\/index.php?rest_route=\/wp\/v2\/types\/page"}],"author":[{"embeddable":true,"href":"https:\/\/stsimons.fi\/index.php?rest_route=\/wp\/v2\/users\/1"}],"replies":[{"embeddable":true,"href":"https:\/\/stsimons.fi\/index.php?rest_route=%2Fwp%2Fv2%2Fcomments&post=87"}],"version-history":[{"count":0,"href":"https:\/\/stsimons.fi\/index.php?rest_route=\/wp\/v2\/pages\/87\/revisions"}],"up":[{"embeddable":true,"href":"https:\/\/stsimons.fi\/index.php?rest_route=\/wp\/v2\/pages\/69"}],"wp:attachment":[{"href":"https:\/\/stsimons.fi\/index.php?rest_route=%2Fwp%2Fv2%2Fmedia&parent=87"}],"curies":[{"name":"wp","href":"https:\/\/api.w.org\/{rel}","templated":true}]}}