{"id":86,"date":"2019-12-03T17:52:58","date_gmt":"2019-12-03T15:52:58","guid":{"rendered":"https:\/\/stsimons.fi\/?page_id=86"},"modified":"2021-02-08T21:12:44","modified_gmt":"2021-02-08T19:12:44","slug":"aldersgrupperna","status":"publish","type":"page","link":"https:\/\/stsimons.fi\/?page_id=86","title":{"rendered":"\u00c5ldersgrupperna"},"content":{"rendered":"<p>[vc_row][vc_column][vc_column_text]Scoutingen riktar sig till alla, och \u00e4r till f\u00f6r alla. Vare sig du \u00e4r ett barn, ton\u00e5ring, vuxen \u00ad\u00ad\u2013 inom scoutingen hittar du en hobby just f\u00f6r dig!<\/p>\n<p>Scoutprogrammet \u00e4r indelat i olika \u00e5ldersgrupper, d\u00e4r alla f\u00e5r verka tillsammans med barn och unga i sin egen \u00e5lder.[\/vc_column_text][\/vc_column][\/vc_row][vc_row][vc_column][vc_column_text css=&#8221;.vc_custom_1580555277934{margin-bottom: 15px !important;}&#8221;]<\/p>\n<h3>Vargungar (7-9\u00e5r)<\/h3>\n<p>[\/vc_column_text][\/vc_column][\/vc_row][vc_row][vc_column width=&#8221;2\/3&#8243;][vc_column_text]Vargungarna \u00e4r 7-9 \u00e5r gamla, och den yngsta egna \u00e5ldersgruppen inom scoutverksamheten. Vargungarna delas upp i flockar som best\u00e5r av 8-12st vargungar. Tillsammans uppt\u00e4cker de sin n\u00e4romgivning och bekantar sig med scoutverksamheten.<\/p>\n<p>Vargungarna tr\u00e4ffas i regel p\u00e5 onsdagar mellan kl 18-19:00, d\u00e4r de f\u00e5r m\u00f6jligheten att l\u00e4ra sig nya sp\u00e4nnande saker och l\u00e4r k\u00e4nna varandra b\u00e4ttre. Under terminen kommer vargungarna att avl\u00e4gga sp\u00e5r (m\u00e4rken), och verksamheten planeras till viss del enligt dessa sp\u00e5r. Vargungarna \u00e5ker ocks\u00e5 p\u00e5 utf\u00e4rder, f\u00f6rl\u00e4ggningar och l\u00e4ger.<\/p>\n<p>Vargungarnas f\u00f6rl\u00e4ggningar \u00e4r i regel en natt l\u00e5nga \u00e4ventyr, d\u00e4r vi utf\u00f6r en salig blandning av rolig ute-verksamhet. Under sommaren har vargungarna m\u00f6jlighet att delta p\u00e5 ett sommarl\u00e4ger, d\u00e4r hela k\u00e5ren ofta deltar. Under dessa l\u00e4ger f\u00e5r vargungarna sova i t\u00e4lt, och delta i t.ex l\u00e4gerb\u00e5l d\u00e4r alla l\u00e4gerdeltagare kommer att vara.[\/vc_column_text][\/vc_column][vc_column width=&#8221;1\/3&#8243;][vc_single_image image=&#8221;129&#8243;][\/vc_column][\/vc_row][vc_row][vc_column][vc_column_text css=&#8221;.vc_custom_1612811306596{margin-bottom: 15px !important;}&#8221;]<\/p>\n<h3>\u00c4ventyrsscouter (10-11\u00e5r)<\/h3>\n<p>[\/vc_column_text][\/vc_column][\/vc_row][vc_row][vc_column width=&#8221;2\/3&#8243;][vc_column_text]\u00c4ventyrsscouten \u00e4r 10\u201311 \u00e5r och uppt\u00e4cker de mer naturn\u00e4ra delarna av scoutingen p\u00e5 sin ort. Programmet \u00e4r v\u00e4ldigt praktiskt inriktat och t\u00e4cker grunderna i m\u00e5nga av de traditionella scoutf\u00e4rdigheterna. Samtidigt som \u00e4ventyrsscouterna ocks\u00e5 har chanser till lekar under veckom\u00f6tena. \u00c4ventyrsscouterna delas upp i\u00a0 patruller som alla har samma m\u00f6testid och har ett gemensamt program. Veckom\u00f6tena \u00e4r kl 19-20:00 p\u00e5 onsdagar.[\/vc_column_text][\/vc_column][vc_column width=&#8221;1\/3&#8243;][vc_single_image image=&#8221;128&#8243;][\/vc_column][\/vc_row][vc_row][vc_column][vc_column_text css=&#8221;.vc_custom_1580555460813{margin-bottom: 15px !important;}&#8221;]<\/p>\n<h3>Spejarscouter (12-15\u00e5r)<\/h3>\n<p>[\/vc_column_text][\/vc_column][\/vc_row][vc_row][vc_column width=&#8221;2\/3&#8243;][vc_column_text]Spejarscouterna \u00e4r 12\u201315 \u00e5r gamla och uppt\u00e4cker sig sj\u00e4lva och scoutingen p\u00e5 den egna orten. Under spejarscouttiden l\u00e4r man sig att arbeta som grupp, och att finna den egna platsen i gruppen som individ och gruppmedlem.<\/p>\n<p>Spejarscouterna har m\u00f6jlighet att delta p\u00e5 evenemang som ordnas av f\u00f6rbundet, d\u00e4r man scouterna f\u00e5r m\u00f6jlighet att knyta band med scouter fr\u00e5n andra orter. Spejarscouterna tr\u00e4ffas mellan kl. 19-20:00 p\u00e5 onsdagar.[\/vc_column_text][\/vc_column][vc_column width=&#8221;1\/3&#8243;][vc_single_image image=&#8221;127&#8243;][\/vc_column][\/vc_row][vc_row][vc_column][vc_column_text css=&#8221;.vc_custom_1580555442228{margin-bottom: 15px !important;}&#8221;]<\/p>\n<h3>Explorerscouter (15-17\u00e5r)<\/h3>\n<p>[\/vc_column_text][\/vc_column][\/vc_row][vc_row][vc_column width=&#8221;2\/3&#8243;][vc_column_text]Explorerscouterna \u00e4r 15\u201317 \u00e5r gamla och b\u00f6rjar l\u00e4ra sig ta ansvar f\u00f6r andra som ledare samtidigt utforskar de landet och hittar sig sj\u00e4lva. Explorerscouterna delas upp i patruller p\u00e5 4-12personer, och har m\u00f6jlighet att som patrull s\u00e4tta upp egna m\u00e5ls\u00e4ttningar och f\u00e5 vara med och planera verksamheten.<\/p>\n<p>Explorerscouterna har m\u00f6jlighet att delta i evenemang som ordnas av f\u00f6rbundet, bland annat olika f\u00e4rdighetsutbildningar som t.ex F\u00f6rsta Hj\u00e4lpen 1. Explorerscouterna erbjuds ocks\u00e5 en m\u00f6jlighet att delta i st\u00f6rre nationella evenemang, som t.ex. Explo d\u00e4r explorerscouter fr\u00e5n hela Finland tr\u00e4ffas f\u00f6r ett veckoslut.<\/p>\n<p>Explorerscouterna tr\u00e4ffas mellan kl 20-21:00 p\u00e5 onsdagar.[\/vc_column_text][\/vc_column][vc_column width=&#8221;1\/3&#8243;][vc_single_image image=&#8221;126&#8243;][\/vc_column][\/vc_row][vc_row][vc_column][vc_column_text css=&#8221;.vc_custom_1580555431197{margin-bottom: 15px !important;}&#8221;]<\/p>\n<h3>Roverscouter (18-22\u00e5r)<\/h3>\n<p>[\/vc_column_text][\/vc_column][\/vc_row][vc_row][vc_column width=&#8221;2\/3&#8243;][vc_column_text]Roverscouterna \u00e4r 18\u201322 \u00e5r och under roverscouttiden hittar scouten sig sj\u00e4lv i samh\u00e4llet och b\u00f6rjar leva p\u00e5 egen hand. Detta medf\u00f6r att roverscouternas program bygger p\u00e5 projekt och \u00e4ventyr i olika former, men roverscouten kan d\u00e4rtill ocks\u00e5 ha ledaruppdrag och p\u00e5 s\u00e5 s\u00e4tt utveckla sig sj\u00e4lv som ledare.<\/p>\n<p>Roverscouterna har inte utsedda tr\u00e4ffar p\u00e5 veckobasis, utan tr\u00e4ffas fr\u00e4mst tillsammans med de \u00e4ldre ledarna, men ocks\u00e5 som egen grupp vid behov.[\/vc_column_text][\/vc_column][vc_column width=&#8221;1\/3&#8243;][vc_single_image image=&#8221;125&#8243;][\/vc_column][\/vc_row][vc_row][vc_column][vc_column_text css=&#8221;.vc_custom_1580555419565{margin-bottom: 15px !important;}&#8221;]<\/p>\n<h3>Ledare (\u00f6ver 22\u00e5r)<\/h3>\n<p>[\/vc_column_text][\/vc_column][\/vc_row][vc_row][vc_column width=&#8221;5\/6&#8243;][vc_column_text]\u00c4ldre ledare (\u00f6ver 22\u00e5r) utg\u00f6r inte en egen \u00e5ldersgrupp, utan m\u00f6jligg\u00f6r scoutingen f\u00f6r barn och ungdomar genom att fungera som ledare f\u00f6r de yngre \u00e5ldersgrupperna och st\u00f6da och handleda explorer- och roverscouter i deras ledaruppdrag. Genom egna projekt, scoututbildningar, ledardagar och -tr\u00e4ffar etc. forts\u00e4tter \u00e4nda ocks\u00e5 ledarna att utvecklas, l\u00e4ra sig nya saker och uppleva \u00e4ventyr i en kul gemenskap.<\/p>\n<p>Ledarna drar veckoverksamheten, och styr f\u00f6reningen fr\u00e5n styrelsen. Ledarna tr\u00e4ffas under scoutterminen (januari \u2013 maj &amp; september \u2013 december) ungef\u00e4r en g\u00e5ng per m\u00e5nad p\u00e5 ett ledarm\u00f6te.[\/vc_column_text][\/vc_column][vc_column width=&#8221;1\/6&#8243;][\/vc_column][\/vc_row][vc_row][vc_column][vc_column_text css=&#8221;.vc_custom_1612811507904{margin-bottom: 15px !important;}&#8221;]<\/p>\n<h3>Familjescouting (0 &#8211; 6 \u00e5r)<\/h3>\n<p>[\/vc_column_text][\/vc_column][\/vc_row][vc_row][vc_column width=&#8221;2\/3&#8243;][vc_column_text]Sedan 2018 \u00e4r familjescoutingen en officiell verksamhetsform i scoutingen.<\/p>\n<p>Familjescoutingen riktar sig till barn under skol\u00e5lder och deras familjer. Varje barn under skol\u00e5ldern deltar tillsammans med minst en vuxen fr\u00e5n den egna n\u00e4rkretsen (till exempel en f\u00f6r\u00e4lder, en moster, en farfar eller en fadder), p\u00e5 den vuxnas ansvar.<\/p>\n<p>M\u00e5let med familjescoutingen \u00e4r att kunna erbjuda gemensamma aktiviteter till hela familjen, och att ge familjerna en m\u00f6jlighet att bekanta sig med scoutingen. Familjescoutverksamheten \u00e4r en m\u00f6jlighet f\u00f6r vuxna att ha en hobby tillsammans med sina barn och att f\u00e5 tr\u00e4ffa andra vuxna regelbundet.<\/p>\n<p>Familjescoutingen erbjuder tidigare aktiva scouter en m\u00f6jlighet att hitta tillbaka till scoutingen redan innan deras egna barn b\u00f6rjar sin egen scoutstig som sju-\u00e5riga vargungar.[\/vc_column_text][\/vc_column][vc_column width=&#8221;1\/3&#8243;][vc_single_image image=&#8221;124&#8243;][\/vc_column][\/vc_row]<\/p>\n","protected":false},"excerpt":{"rendered":"<p>[vc_row][vc_column][vc_column_text]Scoutingen riktar sig till alla, och \u00e4r till f\u00f6r alla. Vare sig du \u00e4r ett barn, ton\u00e5ring, vuxen \u00ad\u00ad\u2013 inom scoutingen hittar du en hobby just f\u00f6r dig! Scoutprogrammet \u00e4r indelat i olika \u00e5ldersgrupper, d\u00e4r alla f\u00e5r verka tillsammans med barn och unga i sin egen \u00e5lder.[\/vc_column_text][\/vc_column][\/vc_row][vc_row][vc_column][vc_column_text css=&#8221;.vc_custom_1580555277934{margin-bottom: 15px !important;}&#8221;] Vargungar (7-9\u00e5r) [\/vc_column_text][\/vc_column][\/vc_row][vc_row][vc_column width=&#8221;2\/3&#8243;][vc_column_text]Vargungarna \u00e4r [&hellip;]<\/p>\n","protected":false},"author":1,"featured_media":0,"parent":83,"menu_order":0,"comment_status":"closed","ping_status":"closed","template":"","meta":{"_acf_changed":false,"footnotes":""},"class_list":["post-86","page","type-page","status-publish","hentry"],"acf":[],"_links":{"self":[{"href":"https:\/\/stsimons.fi\/index.php?rest_route=\/wp\/v2\/pages\/86","targetHints":{"allow":["GET"]}}],"collection":[{"href":"https:\/\/stsimons.fi\/index.php?rest_route=\/wp\/v2\/pages"}],"about":[{"href":"https:\/\/stsimons.fi\/index.php?rest_route=\/wp\/v2\/types\/page"}],"author":[{"embeddable":true,"href":"https:\/\/stsimons.fi\/index.php?rest_route=\/wp\/v2\/users\/1"}],"replies":[{"embeddable":true,"href":"https:\/\/stsimons.fi\/index.php?rest_route=%2Fwp%2Fv2%2Fcomments&post=86"}],"version-history":[{"count":1,"href":"https:\/\/stsimons.fi\/index.php?rest_route=\/wp\/v2\/pages\/86\/revisions"}],"predecessor-version":[{"id":123,"href":"https:\/\/stsimons.fi\/index.php?rest_route=\/wp\/v2\/pages\/86\/revisions\/123"}],"up":[{"embeddable":true,"href":"https:\/\/stsimons.fi\/index.php?rest_route=\/wp\/v2\/pages\/83"}],"wp:attachment":[{"href":"https:\/\/stsimons.fi\/index.php?rest_route=%2Fwp%2Fv2%2Fmedia&parent=86"}],"curies":[{"name":"wp","href":"https:\/\/api.w.org\/{rel}","templated":true}]}}