{"id":83,"date":"2019-12-02T22:16:43","date_gmt":"2019-12-02T20:16:43","guid":{"rendered":"https:\/\/stsimons.fi\/?page_id=83"},"modified":"2023-03-22T21:20:57","modified_gmt":"2023-03-22T19:20:57","slug":"bli-scout","status":"publish","type":"page","link":"https:\/\/stsimons.fi\/?page_id=83","title":{"rendered":"Bli scout"},"content":{"rendered":"<p>[vc_row][vc_column][vc_column_text]<\/p>\r\n<p>Scouting \u00e4r en rolig, m\u00e5ngsidig och nyttig hobby f\u00f6r barn. Scouting \u00e4r sm\u00e5 och stora \u00e4ventyr som du kan uppleva med dina v\u00e4nner. Verksamheten sker b\u00e5de ute och inne. Inom scouterna f\u00e5r du till exempel pyssla, spela, tillreda mat, g\u00f6ra utflykter i naturen, delta i l\u00e4ger, vandra och segla. En viktig del \u00e4r gemenskapen d\u00e4r ingen blir l\u00e4mnad utanf\u00f6r och tankes\u00e4ttet \u201clearning by doing\u201d som genomsyrar hela verksamheten. Det finns en plats f\u00f6r alla, du \u00e4r v\u00e4lkommen som du \u00e4r &#8211; ocks\u00e5 som vuxen. Scouting st\u00f6der barnets fostran och uppmuntrar till att utvecklas b\u00e5de som individ och som en del av en grupp. Vi l\u00e4r oss vardags- och medborgarf\u00e4rdigheter, probleml\u00f6sning och ledarskap.<\/p>\r\n\r\n<p>Bli scout, bli Simonit! V\u00e4lkommen med i v\u00e5r verksamhet. \u2764\ufe0f<\/p>\r\n<p><strong>Hur blir man Simonit?<\/strong><\/p>\r\n<p>L\u00e4ttast \u00e4r det att komma med d\u00e5 verksamheten b\u00f6rjar, den f\u00f6rsta onsdagen i september, d\u00e5 \u00e4r det bara att dyka upp vid k\u00e5rlokalen och tala med v\u00e5ra ledare.\u00a0<br \/>Om man vill komma med vid n\u00e5gon annan tidpunkt \u00e4r det bra att f\u00f6rst kontakta k\u00e5rens ledare via sekreterare@stsimons.fi f\u00f6r att kolla om det finns utrymme i grupperna.<\/p>\r\n<p>Vi ser g\u00e4rna att nya barn f\u00f6rsta g\u00e5ngen kommer med en vuxen och talar med n\u00e5gon ledare. Sj\u00e4lva anm\u00e4lan som medlem g\u00f6rs sedan via n\u00e4tet, d\u00e4r b\u00e5de f\u00f6r\u00e4ldrarnas och scoutens kontaktuppgifter.<\/p>\r\n\r\n<p>&nbsp;<\/p>\r\n<p>[\/vc_column_text][\/vc_column][\/vc_row]<\/p>","protected":false},"excerpt":{"rendered":"<p>[vc_row][vc_column][vc_column_text] Scouting \u00e4r en rolig, m\u00e5ngsidig och nyttig hobby f\u00f6r barn. Scouting \u00e4r sm\u00e5 och stora \u00e4ventyr som du kan uppleva med dina v\u00e4nner. Verksamheten sker b\u00e5de ute och inne. Inom scouterna f\u00e5r du till exempel pyssla, spela, tillreda mat, g\u00f6ra utflykter i naturen, delta i l\u00e4ger, vandra och segla. En viktig del \u00e4r gemenskapen [&hellip;]<\/p>\n","protected":false},"author":1,"featured_media":131,"parent":0,"menu_order":0,"comment_status":"closed","ping_status":"closed","template":"","meta":{"_acf_changed":false,"footnotes":""},"class_list":["post-83","page","type-page","status-publish","has-post-thumbnail","hentry"],"acf":[],"_links":{"self":[{"href":"https:\/\/stsimons.fi\/index.php?rest_route=\/wp\/v2\/pages\/83","targetHints":{"allow":["GET"]}}],"collection":[{"href":"https:\/\/stsimons.fi\/index.php?rest_route=\/wp\/v2\/pages"}],"about":[{"href":"https:\/\/stsimons.fi\/index.php?rest_route=\/wp\/v2\/types\/page"}],"author":[{"embeddable":true,"href":"https:\/\/stsimons.fi\/index.php?rest_route=\/wp\/v2\/users\/1"}],"replies":[{"embeddable":true,"href":"https:\/\/stsimons.fi\/index.php?rest_route=%2Fwp%2Fv2%2Fcomments&post=83"}],"version-history":[{"count":0,"href":"https:\/\/stsimons.fi\/index.php?rest_route=\/wp\/v2\/pages\/83\/revisions"}],"wp:featuredmedia":[{"embeddable":true,"href":"https:\/\/stsimons.fi\/index.php?rest_route=\/wp\/v2\/media\/131"}],"wp:attachment":[{"href":"https:\/\/stsimons.fi\/index.php?rest_route=%2Fwp%2Fv2%2Fmedia&parent=83"}],"curies":[{"name":"wp","href":"https:\/\/api.w.org\/{rel}","templated":true}]}}