{"id":77,"date":"2019-12-02T22:14:27","date_gmt":"2019-12-02T20:14:27","guid":{"rendered":"https:\/\/stsimons.fi\/?page_id=77"},"modified":"2023-03-22T21:01:35","modified_gmt":"2023-03-22T19:01:35","slug":"for-medlemmar","status":"publish","type":"page","link":"https:\/\/stsimons.fi\/?page_id=77","title":{"rendered":"F\u00f6r medlemmar"},"content":{"rendered":"<p>[vc_row][vc_column][vc_column_text]<\/p>\n<h2>Medlemsf\u00f6rm\u00e5ner<\/h2>\n<p>Alla scouter som \u00e4r medlemmar i en svenskspr\u00e5kig scoutk\u00e5r i Finland \u00e4r ocks\u00e5 automatiskt\u00a0medlemmar i f\u00f6rbundet Finlands Svenska Scouter rf (FiSSc), centralorganisationen Suomen\u00a0Partiolaiset \u2013 Finlands Scouter ry (FS) och medlemsf\u00f6rbunden WAGGGS och WOSM.<\/p>\n<p><strong>Det h\u00e4r ger dig som medlem flera f\u00f6rm\u00e5ner, bland annat:<\/strong><\/p>\n<ul>\n<li>Medlemstidningarna Scoutposten och Partio.<\/li>\n<li>Scoutrabatt p\u00e5 varor i vissa friluftsbutiker, t.ex. <a href=\"https:\/\/sos.fi\">Scandinavian Outdoor<\/a> och <a href=\"https:\/\/www.partioaitta.fi\/\">Partioaitta<\/a><\/li>\n<li><a href=\"https:\/\/www.scout.fi\/for-scouter\/medlemstjanster\/stipendier-och-understod\/\">Reseunderst\u00f6d<\/a> enligt FiSSc-principer d\u00e5 man deltar i FiSSc:s utbildningar.<\/li>\n<li>M\u00f6jlighet att s\u00f6ka<a href=\"https:\/\/www.scout.fi\/for-scouter\/medlemstjanster\/stipendier-och-understod\/\">\u00a0stipendier<\/a>\u00a0fr\u00e5n FiSSc och FS.<\/li>\n<\/ul>\n<p>[\/vc_column_text][\/vc_column][\/vc_row][vc_row][vc_column][vc_column_text]<strong>Tips f\u00f6r packning och scoututf\u00e4rder<\/strong><\/p>\n<ul>\n<li>Kom ih\u00e5g att m\u00e4rka kl\u00e4der och saker med scoutens f\u00f6r och efternamn<\/li>\n<li>Packa sakerna s\u00e5 att scouten sj\u00e4lv kan b\u00e4ra packningen, inte s\u00e5 att det blir m\u00e5nga olika sm\u00e5 p\u00e5sar<\/li>\n<li>Scouten skall sj\u00e4lv vara med och packa sakerna s\u00e5 att hen vet vad som \u00e4r med och vart det \u00e4r packat<\/li>\n<\/ul>\n<p><strong>Allm\u00e4n packlista f\u00f6r scoututf\u00e4rd<\/strong><\/p>\n<p><!--more--><\/p>\n<ul>\n<li>Byteskl\u00e4der (underkl\u00e4der, tr\u00f6ja, byxor, strumpor)<\/li>\n<li>Varma kl\u00e4der<\/li>\n<li>Regnkl\u00e4der + st\u00f6vlar + sockor<\/li>\n<li>Bekv\u00e4ma skor<\/li>\n<li>Necess\u00e4r (tandborste, tandkr\u00e4m, personliga mediciner)<\/li>\n<li>Pyjamas<\/li>\n<li>Sovs\u00e4ck &amp; liggunderlag<\/li>\n<li>Ficklampa<\/li>\n<li>Sololja<\/li>\n<li>Simkl\u00e4der + handduk<\/li>\n<li>Matk\u00e4rl &amp; mugg<\/li>\n<li>Vattenflaska<\/li>\n<li>Kniv (inte f\u00f6r vargungar)<\/li>\n<li>Scouthalsduk!<\/li>\n<\/ul>\n<p>[\/vc_column_text][\/vc_column][\/vc_row]<\/p>\n","protected":false},"excerpt":{"rendered":"<p>[vc_row][vc_column][vc_column_text] Medlemsf\u00f6rm\u00e5ner Alla scouter som \u00e4r medlemmar i en svenskspr\u00e5kig scoutk\u00e5r i Finland \u00e4r ocks\u00e5 automatiskt\u00a0medlemmar i f\u00f6rbundet Finlands Svenska Scouter rf (FiSSc), centralorganisationen Suomen\u00a0Partiolaiset \u2013 Finlands Scouter ry (FS) och medlemsf\u00f6rbunden WAGGGS och WOSM. Det h\u00e4r ger dig som medlem flera f\u00f6rm\u00e5ner, bland annat: Medlemstidningarna Scoutposten och Partio. Scoutrabatt p\u00e5 varor i vissa friluftsbutiker, [&hellip;]<\/p>\n","protected":false},"author":1,"featured_media":0,"parent":0,"menu_order":0,"comment_status":"closed","ping_status":"closed","template":"","meta":{"_acf_changed":false,"footnotes":""},"class_list":["post-77","page","type-page","status-publish","hentry"],"acf":[],"_links":{"self":[{"href":"https:\/\/stsimons.fi\/index.php?rest_route=\/wp\/v2\/pages\/77","targetHints":{"allow":["GET"]}}],"collection":[{"href":"https:\/\/stsimons.fi\/index.php?rest_route=\/wp\/v2\/pages"}],"about":[{"href":"https:\/\/stsimons.fi\/index.php?rest_route=\/wp\/v2\/types\/page"}],"author":[{"embeddable":true,"href":"https:\/\/stsimons.fi\/index.php?rest_route=\/wp\/v2\/users\/1"}],"replies":[{"embeddable":true,"href":"https:\/\/stsimons.fi\/index.php?rest_route=%2Fwp%2Fv2%2Fcomments&post=77"}],"version-history":[{"count":0,"href":"https:\/\/stsimons.fi\/index.php?rest_route=\/wp\/v2\/pages\/77\/revisions"}],"wp:attachment":[{"href":"https:\/\/stsimons.fi\/index.php?rest_route=%2Fwp%2Fv2%2Fmedia&parent=77"}],"curies":[{"name":"wp","href":"https:\/\/api.w.org\/{rel}","templated":true}]}}