{"id":2,"date":"2019-11-28T10:29:28","date_gmt":"2019-11-28T10:29:28","guid":{"rendered":"https:\/\/stsimons.fi\/?page_id=2"},"modified":"2023-03-22T21:42:20","modified_gmt":"2023-03-22T19:42:20","slug":"sample-page","status":"publish","type":"page","link":"https:\/\/stsimons.fi\/","title":{"rendered":"Hem"},"content":{"rendered":"<p>[vc_row][vc_column][vc_column_text]<\/p>\n<h1 style=\"text-align: center;\">St. Simons Sj\u00f6fararna rf.<\/h1>\n<p>[\/vc_column_text][\/vc_column][\/vc_row][vc_row css=&#8221;.vc_custom_1575906802744{padding-bottom: 1em !important;}&#8221;][vc_column width=&#8221;1\/2&#8243;]<div class=\"sss-linkbox\"><div class=\"sss-linkbox-image\" style=\"background-image:url(https:\/\/stsimons.fi\/wp-content\/uploads\/EricJ_Familjescout2019-5-1.jpg);\"><\/div><div class=\"sss-linkbox-content\"><h3>Familjescouting<\/h3><p>Familjescouting \u00e4r en gemensam resa f\u00f6r familjen d\u00e4r du och ditt barn f\u00e5r bekanta sig med scoutverksamhet!<\/p><a class=\"sss-linkbox-link\" href=\"https:\/\/stsimons.fi\/?page_id=117\">L\u00e4s mera<\/a><\/div><\/div>[\/vc_column][vc_column width=&#8221;1\/2&#8243;]<div class=\"sss-linkbox\"><div class=\"sss-linkbox-image\" style=\"background-image:url(https:\/\/stsimons.fi\/wp-content\/uploads\/MG-3573-JUTTA-HUOVINEN-2014-1-4-1.jpg);\"><\/div><div class=\"sss-linkbox-content\"><h3>Nothamn VIII<\/h3><p>Sommaren 2023 \u00e4r det dags f\u00f6r Nothamn VIII<br \/>\ni Kimito.<\/p><a class=\"sss-linkbox-link\" href=\"https:\/\/www.scout.fi\/nu\/nothamn-viii\/\">L\u00e4s mera<\/a><\/div><\/div>[\/vc_column][\/vc_row][vc_row][vc_column][vc_column_text]St. Simons Sj\u00f6fararna rf. \u00e4r den svenskspr\u00e5kiga sj\u00f6scoutk\u00e5ren i Pargas. K\u00e5ren grundades 1959 av Torkel Ess\u00e9n mfl. Idag har k\u00e5ren ca 120 medlemmar varav knappt hundra \u00e4r aktiva ungdomar i \u00e5ldern 3-30. V\u00e5ra m\u00f6ten h\u00e5ller vi i v\u00e5r k\u00e5rlokal i f\u00f6rsamlingshemmets k\u00e4llarv\u00e5ning p\u00e5 onsdagkv\u00e4llar. Alla \u00e4r hj\u00e4rtligt v\u00e4lkomna med i k\u00e5ren!<\/p>\n<p>V\u00e5r verksamhet baserar sig p\u00e5 scoutmetoden och scoutprogrammet &#8211; det ger v\u00e5ra scouter m\u00f6jligheten att utvecklas genom programmets stigande sv\u00e5righetsgrad.<br \/>\nScouterna delas in i fem olika <a href=\"https:\/\/stsimons.fi\/?page_id=86\">\u00e5ldersgrupper<\/a> och har oftast sitt program med andra i samma \u00e5lder. Ut\u00f6ver det som h\u00e4nder i v\u00e5r scoutk\u00e5r ordnas det ocks\u00e5 evenemang f\u00f6r scouter fr\u00e5n hela landet d\u00e4r man tr\u00e4ffar nya kompisar fr\u00e5n andra st\u00e4llen!<\/p>\n<p>I Finland finns 60 000 scouter, i hela v\u00e4rlden \u00f6ver 40 miljoner! I scouterna f\u00e5r du uppleva sp\u00e4nnande \u00e4ventyr och nya utmaningar tillsammans med nya och gamla v\u00e4nner!<br \/>\nBli scout och l\u00e4r dig nya saker genom att sj\u00e4lv f\u00e5 prova p\u00e5. Du kan vara scout genom hela livet, s\u00e5 var inte r\u00e4dd att ge dig in i v\u00e4rldens b\u00e4sta hobby ocks\u00e5 som vuxen![\/vc_column_text][\/vc_column][\/vc_row][vc_row][vc_column][vc_column_text]<\/p>\n<h2 style=\"text-align: center;\">N\u00e4sta program<\/h2>\n<p>[\/vc_column_text][\/vc_column][\/vc_row][vc_row css=&#8221;.vc_custom_1580558160426{margin-bottom: 35px !important;}&#8221;][vc_column width=&#8221;1\/4&#8243;][vc_column_text]<\/p>\n<h5>Vargungar<\/h5>\n<p>There are no events.[\/vc_column_text][\/vc_column][vc_column width=&#8221;1\/4&#8243;][vc_column_text]<\/p>\n<h5>\u00c4ventyrsscouter<\/h5>\n<p>There are no events.[\/vc_column_text][\/vc_column][vc_column width=&#8221;1\/4&#8243;][vc_column_text]<\/p>\n<h5>Spejarscouter<\/h5>\n<p>There are no events.[\/vc_column_text][\/vc_column][vc_column width=&#8221;1\/4&#8243;][vc_column_text]<\/p>\n<h5>Explorerscouter<\/h5>\n<p>There are no events.[\/vc_column_text][\/vc_column][\/vc_row][vc_row css=&#8221;.vc_custom_1580558165812{margin-bottom: 35px !important;}&#8221;][vc_column width=&#8221;1\/4&#8243;][\/vc_column][vc_column width=&#8221;1\/4&#8243;][vc_column_text]<\/p>\n<h5>Familjescouter<\/h5>\n<p>There are no events.[\/vc_column_text][\/vc_column][vc_column width=&#8221;1\/4&#8243;][vc_column_text]<\/p>\n<h5>Ledare<\/h5>\n<p>There are no events.[\/vc_column_text][\/vc_column][vc_column width=&#8221;1\/4&#8243;][\/vc_column][\/vc_row]<\/p>\n","protected":false},"excerpt":{"rendered":"<p>[vc_row][vc_column][vc_column_text] St. Simons Sj\u00f6fararna rf. [\/vc_column_text][\/vc_column][\/vc_row][vc_row css=&#8221;.vc_custom_1575906802744{padding-bottom: 1em !important;}&#8221;][vc_column width=&#8221;1\/2&#8243;][\/vc_column][vc_column width=&#8221;1\/2&#8243;][\/vc_column][\/vc_row][vc_row][vc_column][vc_column_text]St. Simons Sj\u00f6fararna rf. \u00e4r den svenskspr\u00e5kiga sj\u00f6scoutk\u00e5ren i Pargas. K\u00e5ren grundades 1959 av Torkel Ess\u00e9n mfl. Idag har k\u00e5ren ca 120 medlemmar varav knappt hundra \u00e4r aktiva ungdomar i \u00e5ldern 3-30. V\u00e5ra m\u00f6ten h\u00e5ller vi i v\u00e5r k\u00e5rlokal i f\u00f6rsamlingshemmets k\u00e4llarv\u00e5ning p\u00e5 onsdagkv\u00e4llar. Alla [&hellip;]<\/p>\n","protected":false},"author":1,"featured_media":41,"parent":0,"menu_order":0,"comment_status":"closed","ping_status":"open","template":"page-home.php","meta":{"_acf_changed":false,"footnotes":""},"class_list":["post-2","page","type-page","status-publish","has-post-thumbnail","hentry"],"acf":[],"_links":{"self":[{"href":"https:\/\/stsimons.fi\/index.php?rest_route=\/wp\/v2\/pages\/2","targetHints":{"allow":["GET"]}}],"collection":[{"href":"https:\/\/stsimons.fi\/index.php?rest_route=\/wp\/v2\/pages"}],"about":[{"href":"https:\/\/stsimons.fi\/index.php?rest_route=\/wp\/v2\/types\/page"}],"author":[{"embeddable":true,"href":"https:\/\/stsimons.fi\/index.php?rest_route=\/wp\/v2\/users\/1"}],"replies":[{"embeddable":true,"href":"https:\/\/stsimons.fi\/index.php?rest_route=%2Fwp%2Fv2%2Fcomments&post=2"}],"version-history":[{"count":1,"href":"https:\/\/stsimons.fi\/index.php?rest_route=\/wp\/v2\/pages\/2\/revisions"}],"predecessor-version":[{"id":169,"href":"https:\/\/stsimons.fi\/index.php?rest_route=\/wp\/v2\/pages\/2\/revisions\/169"}],"wp:featuredmedia":[{"embeddable":true,"href":"https:\/\/stsimons.fi\/index.php?rest_route=\/wp\/v2\/media\/41"}],"wp:attachment":[{"href":"https:\/\/stsimons.fi\/index.php?rest_route=%2Fwp%2Fv2%2Fmedia&parent=2"}],"curies":[{"name":"wp","href":"https:\/\/api.w.org\/{rel}","templated":true}]}}